{"id":2657,"date":"2023-04-03T13:09:41","date_gmt":"2023-04-03T13:09:41","guid":{"rendered":"https:\/\/joseluiscaballero.es\/?page_id=2657"},"modified":"2024-12-21T16:00:27","modified_gmt":"2024-12-21T16:00:27","slug":"el-heredero-del-diablo","status":"publish","type":"page","link":"https:\/\/joseluiscaballero.es\/?page_id=2657","title":{"rendered":"El heredero del diablo"},"content":{"rendered":"\t\t<div data-elementor-type=\"wp-page\" data-elementor-id=\"2657\" class=\"elementor elementor-2657\" data-elementor-post-type=\"page\">\n\t\t\t\t\t\t<section class=\"elementor-section elementor-top-section elementor-element elementor-element-25f30c6 elementor-section-boxed elementor-section-height-default elementor-section-height-default\" data-id=\"25f30c6\" data-element_type=\"section\" data-e-type=\"section\">\n\t\t\t\t\t\t<div class=\"elementor-container elementor-column-gap-default\">\n\t\t\t\t\t<div class=\"elementor-column elementor-col-33 elementor-top-column elementor-element elementor-element-5207530\" data-id=\"5207530\" data-element_type=\"column\" data-e-type=\"column\">\n\t\t\t<div class=\"elementor-widget-wrap elementor-element-populated\">\n\t\t\t\t\t\t<div class=\"elementor-element elementor-element-8fb9299 elementor-widget elementor-widget-image\" data-id=\"8fb9299\" data-element_type=\"widget\" data-e-type=\"widget\" data-widget_type=\"image.default\">\n\t\t\t\t<div class=\"elementor-widget-container\">\n\t\t\t\t\t\t\t\t\t\t\t\t\t\t\t<img fetchpriority=\"high\" decoding=\"async\" width=\"737\" height=\"1024\" src=\"https:\/\/joseluiscaballero.es\/wp-content\/uploads\/2020\/04\/03_portada_elherederodeldiablo-737x1024.png\" class=\"attachment-large size-large wp-image-1857\" alt=\"\" srcset=\"https:\/\/joseluiscaballero.es\/wp-content\/uploads\/2020\/04\/03_portada_elherederodeldiablo-737x1024.png 737w, https:\/\/joseluiscaballero.es\/wp-content\/uploads\/2020\/04\/03_portada_elherederodeldiablo-216x300.png 216w, https:\/\/joseluiscaballero.es\/wp-content\/uploads\/2020\/04\/03_portada_elherederodeldiablo-768x1066.png 768w, https:\/\/joseluiscaballero.es\/wp-content\/uploads\/2020\/04\/03_portada_elherederodeldiablo-600x833.png 600w, https:\/\/joseluiscaballero.es\/wp-content\/uploads\/2020\/04\/03_portada_elherederodeldiablo.png 857w\" sizes=\"(max-width: 737px) 100vw, 737px\" \/>\t\t\t\t\t\t\t\t\t\t\t\t\t\t\t<\/div>\n\t\t\t\t<\/div>\n\t\t\t\t\t<\/div>\n\t\t<\/div>\n\t\t\t\t<div class=\"elementor-column elementor-col-66 elementor-top-column elementor-element elementor-element-7875f8c\" data-id=\"7875f8c\" data-element_type=\"column\" data-e-type=\"column\">\n\t\t\t<div class=\"elementor-widget-wrap elementor-element-populated\">\n\t\t\t\t\t\t<div class=\"elementor-element elementor-element-1cc7b42 elementor-widget elementor-widget-text-editor\" data-id=\"1cc7b42\" data-element_type=\"widget\" data-e-type=\"widget\" data-widget_type=\"text-editor.default\">\n\t\t\t\t<div class=\"elementor-widget-container\">\n\t\t\t\t\t\t\t\t\t<p><span style=\"font-size: 14pt;\">Klaus Rotter, s\u00e1dico, refinado y adicto a los f\u00e1rmacos, capit\u00e1n de las SS y antiguo inspector de polic\u00eda, es detenido en mayo de 1945 por soldados brit\u00e1nicos cuando intenta llegar a la ciudad de Kiel para huir por mar a Suecia. Al interrogarle, los brit\u00e1nicos descubren que est\u00e1n ante un elemento importante de los servicios secretos del Tercer Reich y deciden explotarlo. Rotter sirvi\u00f3 de cerca al \u201cheredero del diablo\u201d, Reinhard Heydrich y posee informaciones que pueden ser vitales para los nuevos tiempos de guerra fr\u00eda que se avecinan. Cuando Rotter tiene que escoger entre colaborar o ser fusilado (o peor, entregado a los rusos), decide ir contando, gota a gota, sus oscuras actividades junto a Heydrich<\/span>. <span style=\"font-size: 14pt;\">La acci\u00f3n se traslada al Berl\u00edn de 1936 donde Rotter debe investigar una serie de crueles asesinatos, primero como inspector de la Polic\u00eda Criminal, luego como miembro del Servicio de Seguridad de las SS y finalmente por su cuenta. Sirviendo a Heydrich, Rotter descubrir\u00e1 que el asesino que est\u00e1 buscando es su propio jefe, Heydrich, y que el mimado de Hitler, el sucesor en el que el F\u00fchrer conf\u00eda, ha sido infiltrado en las m\u00e1s altas instancias del Reich por la Abwher, el servicio secreto del Ej\u00e9rcito, para sustituirle. Pero el diab\u00f3lico Heydrich es algo m\u00e1s, es una inteligencia maquiav\u00e9lica y superior que con una crueldad y una falta absoluta de moralidad, juega a dos barajas. <\/span><\/p><p><span style=\"font-size: 14pt;\">\u00a0<\/span><\/p>\t\t\t\t\t\t\t\t<\/div>\n\t\t\t\t<\/div>\n\t\t\t\t<div class=\"elementor-element elementor-element-2421f27 elementor-widget elementor-widget-button\" data-id=\"2421f27\" data-element_type=\"widget\" data-e-type=\"widget\" data-widget_type=\"button.default\">\n\t\t\t\t<div class=\"elementor-widget-container\">\n\t\t\t\t\t\t\t\t\t<div class=\"elementor-button-wrapper\">\n\t\t\t\t\t<a class=\"elementor-button elementor-button-link elementor-size-sm\" href=\"https:\/\/www.casadellibro.com\/libro-el-heredero-del-diablo\/9788490703076\/4164465\">\n\t\t\t\t\t\t<span class=\"elementor-button-content-wrapper\">\n\t\t\t\t\t\t\t\t\t<span class=\"elementor-button-text\">\u00bfLo quieres?<\/span>\n\t\t\t\t\t<\/span>\n\t\t\t\t\t<\/a>\n\t\t\t\t<\/div>\n\t\t\t\t\t\t\t\t<\/div>\n\t\t\t\t<\/div>\n\t\t\t\t\t<\/div>\n\t\t<\/div>\n\t\t\t\t\t<\/div>\n\t\t<\/section>\n\t\t\t\t<\/div>\n\t\t","protected":false},"excerpt":{"rendered":"<p>Klaus Rotter, s\u00e1dico, refinado y adicto a los f\u00e1rmacos, capit\u00e1n de las SS y antiguo inspector de polic\u00eda, es detenido en mayo de 1945 por soldados brit\u00e1nicos cuando intenta llegar [&hellip;]<\/p>\n","protected":false},"author":1,"featured_media":0,"parent":0,"menu_order":0,"comment_status":"closed","ping_status":"closed","template":"","meta":{"footnotes":""},"class_list":["post-2657","page","type-page","status-publish","hentry"],"_links":{"self":[{"href":"https:\/\/joseluiscaballero.es\/index.php?rest_route=\/wp\/v2\/pages\/2657","targetHints":{"allow":["GET"]}}],"collection":[{"href":"https:\/\/joseluiscaballero.es\/index.php?rest_route=\/wp\/v2\/pages"}],"about":[{"href":"https:\/\/joseluiscaballero.es\/index.php?rest_route=\/wp\/v2\/types\/page"}],"author":[{"embeddable":true,"href":"https:\/\/joseluiscaballero.es\/index.php?rest_route=\/wp\/v2\/users\/1"}],"replies":[{"embeddable":true,"href":"https:\/\/joseluiscaballero.es\/index.php?rest_route=%2Fwp%2Fv2%2Fcomments&post=2657"}],"version-history":[{"count":7,"href":"https:\/\/joseluiscaballero.es\/index.php?rest_route=\/wp\/v2\/pages\/2657\/revisions"}],"predecessor-version":[{"id":3407,"href":"https:\/\/joseluiscaballero.es\/index.php?rest_route=\/wp\/v2\/pages\/2657\/revisions\/3407"}],"wp:attachment":[{"href":"https:\/\/joseluiscaballero.es\/index.php?rest_route=%2Fwp%2Fv2%2Fmedia&parent=2657"}],"curies":[{"name":"wp","href":"https:\/\/api.w.org\/{rel}","templated":true}]}}