{"id":2714,"date":"2023-04-09T16:10:07","date_gmt":"2023-04-09T16:10:07","guid":{"rendered":"https:\/\/joseluiscaballero.es\/?page_id=2714"},"modified":"2026-04-05T19:37:08","modified_gmt":"2026-04-05T19:37:08","slug":"home","status":"publish","type":"page","link":"https:\/\/joseluiscaballero.es\/","title":{"rendered":"HOME"},"content":{"rendered":"\t\t<div data-elementor-type=\"wp-page\" data-elementor-id=\"2714\" class=\"elementor elementor-2714\" data-elementor-post-type=\"page\">\n\t\t\t\t\t\t<section class=\"elementor-section elementor-top-section elementor-element elementor-element-a6c812 elementor-section-full_width elementor-section-height-min-height elementor-section-items-stretch elementor-section-content-middle elementor-section-height-default\" data-id=\"a6c812\" data-element_type=\"section\" data-e-type=\"section\">\n\t\t\t\t\t\t<div class=\"elementor-container elementor-column-gap-no\">\n\t\t\t\t\t<div class=\"elementor-column elementor-col-100 elementor-top-column elementor-element elementor-element-1508da6f\" data-id=\"1508da6f\" data-element_type=\"column\" data-e-type=\"column\">\n\t\t\t<div class=\"elementor-widget-wrap elementor-element-populated\">\n\t\t\t\t\t\t<div class=\"elementor-element elementor-element-75f86990 elementor-widget__width-auto elementor-absolute elementor-invisible elementor-widget elementor-widget-image\" data-id=\"75f86990\" data-element_type=\"widget\" data-e-type=\"widget\" data-settings=\"{&quot;_animation&quot;:&quot;slideInLeft&quot;,&quot;_position&quot;:&quot;absolute&quot;}\" data-widget_type=\"image.default\">\n\t\t\t\t<div class=\"elementor-widget-container\">\n\t\t\t\t\t\t\t\t\t\t\t\t\t\t\t<img fetchpriority=\"high\" decoding=\"async\" width=\"1024\" height=\"1024\" src=\"https:\/\/joseluiscaballero.es\/wp-content\/uploads\/2025\/01\/DALL\u00b7E-2025-01-30-07.35.20-A-realistic-black-and-white-illustration-of-a-modern-espionage-scene.-A-dimly-lit-table-with-a-sleek-laptop-displaying-encrypted-data-a-silencer-pist.webp\" class=\"attachment-large size-large wp-image-4449\" alt=\"\" srcset=\"https:\/\/joseluiscaballero.es\/wp-content\/uploads\/2025\/01\/DALL\u00b7E-2025-01-30-07.35.20-A-realistic-black-and-white-illustration-of-a-modern-espionage-scene.-A-dimly-lit-table-with-a-sleek-laptop-displaying-encrypted-data-a-silencer-pist.webp 1024w, https:\/\/joseluiscaballero.es\/wp-content\/uploads\/2025\/01\/DALL\u00b7E-2025-01-30-07.35.20-A-realistic-black-and-white-illustration-of-a-modern-espionage-scene.-A-dimly-lit-table-with-a-sleek-laptop-displaying-encrypted-data-a-silencer-pist-300x300.webp 300w, https:\/\/joseluiscaballero.es\/wp-content\/uploads\/2025\/01\/DALL\u00b7E-2025-01-30-07.35.20-A-realistic-black-and-white-illustration-of-a-modern-espionage-scene.-A-dimly-lit-table-with-a-sleek-laptop-displaying-encrypted-data-a-silencer-pist-150x150.webp 150w, https:\/\/joseluiscaballero.es\/wp-content\/uploads\/2025\/01\/DALL\u00b7E-2025-01-30-07.35.20-A-realistic-black-and-white-illustration-of-a-modern-espionage-scene.-A-dimly-lit-table-with-a-sleek-laptop-displaying-encrypted-data-a-silencer-pist-768x768.webp 768w\" sizes=\"(max-width: 1024px) 100vw, 1024px\" \/>\t\t\t\t\t\t\t\t\t\t\t\t\t\t\t<\/div>\n\t\t\t\t<\/div>\n\t\t\t\t<section class=\"elementor-section elementor-inner-section elementor-element elementor-element-5c24c6d elementor-section-height-min-height elementor-section-content-middle elementor-section-boxed elementor-section-height-default\" data-id=\"5c24c6d\" data-element_type=\"section\" data-e-type=\"section\" data-settings=\"{&quot;background_background&quot;:&quot;classic&quot;}\">\n\t\t\t\t\t\t<div class=\"elementor-container elementor-column-gap-no\">\n\t\t\t\t\t<div class=\"elementor-column elementor-col-100 elementor-inner-column elementor-element elementor-element-76b8715\" data-id=\"76b8715\" data-element_type=\"column\" data-e-type=\"column\">\n\t\t\t<div class=\"elementor-widget-wrap elementor-element-populated\">\n\t\t\t\t\t\t<div class=\"elementor-element elementor-element-575c4433 elementor-invisible elementor-widget elementor-widget-heading\" data-id=\"575c4433\" data-element_type=\"widget\" data-e-type=\"widget\" data-settings=\"{&quot;_animation&quot;:&quot;fadeIn&quot;}\" data-widget_type=\"heading.default\">\n\t\t\t\t<div class=\"elementor-widget-container\">\n\t\t\t\t\t<h2 class=\"elementor-heading-title elementor-size-default\">Espionaje y g\u00e9nero negro<\/h2>\t\t\t\t<\/div>\n\t\t\t\t<\/div>\n\t\t\t\t<div class=\"elementor-element elementor-element-2bf4983d elementor-widget__width-initial elementor-invisible elementor-widget elementor-widget-text-editor\" data-id=\"2bf4983d\" data-element_type=\"widget\" data-e-type=\"widget\" data-settings=\"{&quot;_animation&quot;:&quot;fadeIn&quot;,&quot;_animation_delay&quot;:200}\" data-widget_type=\"text-editor.default\">\n\t\t\t\t<div class=\"elementor-widget-container\">\n\t\t\t\t\t\t\t\t\t<p style=\"text-align: right;\"><span style=\"font-size: 17px; color: #333333;\"><span style=\"color: #ffffff;\">Mi primera novela \u00abComo l\u00e1grimas en la lluvia\u00bb era un relato de g\u00e9nero negro, sin duda, pero cuando un escritor se enfrenta a una p\u00e1gina en blanco lo m\u00e1s importante es empezar a escribir. Luego todo transcurre de modo l\u00f3gico y uno pasa de una historia de cr\u00edmenes a una historia de espionaje como \u00abEl esp\u00eda imperfecto\u00bb. De ah\u00ed al espacio exterior con \u00abEl proyecto Alpha\u00bb y a un estudio de la Barcelona secreta. Colabor\u00e9 en la creaci\u00f3n de un Club de autores de espionaje, <a style=\"color: #ffffff;\" href=\"http:\/\/clublecarre.es\">Letras y Esp\u00edas<\/a> y de nuevo al g\u00e9nero negro, pero qu\u00e9 m\u00e1s da dedicarse a uno o a otro g\u00e9nero: \u00abPara qu\u00e9 discutir\u00bb&#8230; si puedes pelear.<\/span><br \/><\/span><\/p><p><span style=\"font-size: 17px; color: #333333;\">\u00a0<\/span><\/p>\t\t\t\t\t\t\t\t<\/div>\n\t\t\t\t<\/div>\n\t\t\t\t\t<\/div>\n\t\t<\/div>\n\t\t\t\t\t<\/div>\n\t\t<\/section>\n\t\t\t\t\t<\/div>\n\t\t<\/div>\n\t\t\t\t\t<\/div>\n\t\t<\/section>\n\t\t\t\t<section class=\"elementor-section elementor-top-section elementor-element elementor-element-5714c9b9 elementor-section-height-min-height elementor-section-content-middle elementor-section-boxed elementor-section-height-default elementor-section-items-middle\" data-id=\"5714c9b9\" data-element_type=\"section\" data-e-type=\"section\" data-settings=\"{&quot;background_background&quot;:&quot;video&quot;,&quot;background_video_link&quot;:&quot;https:\\\/\\\/www.youtube.com\\\/watch?v=ZcBw06UbAws&quot;}\">\n\t\t\t\t\t\t\t\t<div class=\"elementor-background-video-container elementor-hidden-mobile\">\n\t\t\t\t\t\t\t\t\t\t\t\t\t<div class=\"elementor-background-video-embed\" role=\"presentation\"><\/div>\n\t\t\t\t\t\t\t\t\t\t\t\t<\/div>\n\t\t\t\t\t\t\t\t\t<div class=\"elementor-background-overlay\"><\/div>\n\t\t\t\t\t\t\t<div class=\"elementor-container elementor-column-gap-wider\">\n\t\t\t\t\t<div class=\"elementor-column elementor-col-100 elementor-top-column elementor-element elementor-element-11194b89\" data-id=\"11194b89\" data-element_type=\"column\" data-e-type=\"column\">\n\t\t\t<div class=\"elementor-widget-wrap elementor-element-populated\">\n\t\t\t\t\t\t<div class=\"elementor-element elementor-element-3058cf3e elementor-widget elementor-widget-heading\" data-id=\"3058cf3e\" data-element_type=\"widget\" data-e-type=\"widget\" data-widget_type=\"heading.default\">\n\t\t\t\t<div class=\"elementor-widget-container\">\n\t\t\t\t\t<h1 class=\"elementor-heading-title elementor-size-default\">\u00bfTe has perdido?<\/h1>\t\t\t\t<\/div>\n\t\t\t\t<\/div>\n\t\t\t\t<div class=\"elementor-element elementor-element-55bb0021 elementor-widget-divider--view-line elementor-widget elementor-widget-divider\" data-id=\"55bb0021\" data-element_type=\"widget\" data-e-type=\"widget\" data-widget_type=\"divider.default\">\n\t\t\t\t<div class=\"elementor-widget-container\">\n\t\t\t\t\t\t\t<div class=\"elementor-divider\">\n\t\t\t<span class=\"elementor-divider-separator\">\n\t\t\t\t\t\t<\/span>\n\t\t<\/div>\n\t\t\t\t\t\t<\/div>\n\t\t\t\t<\/div>\n\t\t\t\t<div class=\"elementor-element elementor-element-7f77e9a6 elementor-widget elementor-widget-heading\" data-id=\"7f77e9a6\" data-element_type=\"widget\" data-e-type=\"widget\" data-widget_type=\"heading.default\">\n\t\t\t\t<div class=\"elementor-widget-container\">\n\t\t\t\t\t<h6 class=\"elementor-heading-title elementor-size-default\"><a href=\"https:\/\/joseluiscaballero.es\/?page_id=5907\">Aqu\u00ed encontrar\u00e1s la informaci\u00f3n sobre mis obras<\/a><\/h6>\t\t\t\t<\/div>\n\t\t\t\t<\/div>\n\t\t\t\t<div class=\"elementor-element elementor-element-47b9e9e elementor-widget elementor-widget-heading\" data-id=\"47b9e9e\" data-element_type=\"widget\" data-e-type=\"widget\" data-widget_type=\"heading.default\">\n\t\t\t\t<div class=\"elementor-widget-container\">\n\t\t\t\t\t<h6 class=\"elementor-heading-title elementor-size-default\"><a href=\"https:\/\/joseluiscaballero.es\/?page_id=5790\">Aqu\u00ed sobre mi biograf\u00eda m\u00e1s personal<\/a><\/h6>\t\t\t\t<\/div>\n\t\t\t\t<\/div>\n\t\t\t\t\t<\/div>\n\t\t<\/div>\n\t\t\t\t\t<\/div>\n\t\t<\/section>\n\t\t\t\t<section class=\"elementor-section elementor-top-section elementor-element elementor-element-c720959 elementor-section-full_width elementor-section-height-min-height elementor-section-items-stretch elementor-section-content-middle elementor-section-height-default\" data-id=\"c720959\" data-element_type=\"section\" data-e-type=\"section\">\n\t\t\t\t\t\t<div class=\"elementor-container elementor-column-gap-no\">\n\t\t\t\t\t<div class=\"elementor-column elementor-col-100 elementor-top-column elementor-element elementor-element-361ae15\" data-id=\"361ae15\" data-element_type=\"column\" data-e-type=\"column\">\n\t\t\t<div class=\"elementor-widget-wrap elementor-element-populated\">\n\t\t\t\t\t\t<section class=\"elementor-section elementor-inner-section elementor-element elementor-element-c5bb4e0 elementor-section-height-min-height elementor-section-content-middle elementor-section-boxed elementor-section-height-default\" data-id=\"c5bb4e0\" data-element_type=\"section\" data-e-type=\"section\" data-settings=\"{&quot;background_background&quot;:&quot;classic&quot;}\">\n\t\t\t\t\t\t<div class=\"elementor-container elementor-column-gap-no\">\n\t\t\t\t\t<div class=\"elementor-column elementor-col-100 elementor-inner-column elementor-element elementor-element-b0c5878\" data-id=\"b0c5878\" data-element_type=\"column\" data-e-type=\"column\">\n\t\t\t<div class=\"elementor-widget-wrap elementor-element-populated\">\n\t\t\t\t\t\t<div class=\"elementor-element elementor-element-e8c77cd elementor-widget__width-initial elementor-invisible elementor-widget elementor-widget-heading\" data-id=\"e8c77cd\" data-element_type=\"widget\" data-e-type=\"widget\" data-settings=\"{&quot;_animation&quot;:&quot;fadeIn&quot;}\" data-widget_type=\"heading.default\">\n\t\t\t\t<div class=\"elementor-widget-container\">\n\t\t\t\t\t<h2 class=\"elementor-heading-title elementor-size-large\"><a href=\"https:\/\/www.casadellibro.com\/libro-las-cartas-de-antioquia\/9788495623423\/1060313?srsltid=AfmBOor4dkwr7v2KOgPN9ITYR3z1uaMA1dpBT5Wp_pU_oJsBN71LJY69\">Las cartas de Antioqu\u00eda<\/a><\/h2>\t\t\t\t<\/div>\n\t\t\t\t<\/div>\n\t\t\t\t<div class=\"elementor-element elementor-element-6214943 elementor-widget__width-initial elementor-invisible elementor-widget elementor-widget-text-editor\" data-id=\"6214943\" data-element_type=\"widget\" data-e-type=\"widget\" data-settings=\"{&quot;_animation&quot;:&quot;fadeIn&quot;,&quot;_animation_delay&quot;:200}\" data-widget_type=\"text-editor.default\">\n\t\t\t\t<div class=\"elementor-widget-container\">\n\t\t\t\t\t\t\t\t\t<p><span style=\"color: #ffffff;\">El centuri\u00f3n Cayo S\u00e9ptimo Marcelo no es un h\u00e9roe romano al uso. No es valiente, no es generoso, ni siquiera es eficaz; m\u00e1s bien se nutre de la trampa, de excesivo vino e, indistintamente, de esclavos y esclavas j\u00f3venes. Al servicio secreto del procurador de Judea, Poncio Pilato, Marcelo se sumerge en las cloacas pol\u00edticas de Jerusal\u00e9n para intentar descubrir a los asesinos de dos ciudadanos romanos, para controlar los movimientos de un molesto l\u00edder esenio llamado Jes\u00fas de Nazareth y para constatar la corrupci\u00f3n y el vicio delirantes que anidan en la corte del rey Herodes Antipas. El centuri\u00f3n Marcelo ignora, sin embargo, un secreto celosamente guardado en Antioqu\u00eda, que ya cost\u00f3 la vida a varios de sus mentores y puede costarle tambi\u00e9n la suya.<\/span><\/p>\t\t\t\t\t\t\t\t<\/div>\n\t\t\t\t<\/div>\n\t\t\t\t\t<\/div>\n\t\t<\/div>\n\t\t\t\t\t<\/div>\n\t\t<\/section>\n\t\t\t\t<div class=\"elementor-element elementor-element-464c7aa elementor-widget__width-auto elementor-absolute elementor-invisible elementor-widget elementor-widget-image\" data-id=\"464c7aa\" data-element_type=\"widget\" data-e-type=\"widget\" data-settings=\"{&quot;_animation&quot;:&quot;slideInLeft&quot;,&quot;_position&quot;:&quot;absolute&quot;}\" data-widget_type=\"image.default\">\n\t\t\t\t<div class=\"elementor-widget-container\">\n\t\t\t\t\t\t\t\t\t\t\t\t\t\t\t<img decoding=\"async\" width=\"794\" height=\"794\" src=\"https:\/\/joseluiscaballero.es\/wp-content\/uploads\/2026\/04\/il_794xN.7537252816_dgo6.webp\" class=\"attachment-large size-large wp-image-6106\" alt=\"\" srcset=\"https:\/\/joseluiscaballero.es\/wp-content\/uploads\/2026\/04\/il_794xN.7537252816_dgo6.webp 794w, https:\/\/joseluiscaballero.es\/wp-content\/uploads\/2026\/04\/il_794xN.7537252816_dgo6-300x300.webp 300w, https:\/\/joseluiscaballero.es\/wp-content\/uploads\/2026\/04\/il_794xN.7537252816_dgo6-150x150.webp 150w, https:\/\/joseluiscaballero.es\/wp-content\/uploads\/2026\/04\/il_794xN.7537252816_dgo6-768x768.webp 768w\" sizes=\"(max-width: 794px) 100vw, 794px\" \/>\t\t\t\t\t\t\t\t\t\t\t\t\t\t\t<\/div>\n\t\t\t\t<\/div>\n\t\t\t\t<div class=\"elementor-element elementor-element-e22ab99 elementor-widget__width-auto elementor-absolute elementor-invisible elementor-widget elementor-widget-image\" data-id=\"e22ab99\" data-element_type=\"widget\" data-e-type=\"widget\" data-settings=\"{&quot;_animation&quot;:&quot;slideInRight&quot;,&quot;_animation_delay&quot;:200,&quot;_position&quot;:&quot;absolute&quot;}\" data-widget_type=\"image.default\">\n\t\t\t\t<div class=\"elementor-widget-container\">\n\t\t\t\t\t\t\t\t\t\t\t\t\t\t\t<img decoding=\"async\" width=\"574\" height=\"1024\" src=\"https:\/\/joseluiscaballero.es\/wp-content\/uploads\/2023\/03\/DSC02025-574x1024.jpg\" class=\"attachment-large size-large wp-image-2549\" alt=\"\" srcset=\"https:\/\/joseluiscaballero.es\/wp-content\/uploads\/2023\/03\/DSC02025-574x1024.jpg 574w, https:\/\/joseluiscaballero.es\/wp-content\/uploads\/2023\/03\/DSC02025-168x300.jpg 168w, https:\/\/joseluiscaballero.es\/wp-content\/uploads\/2023\/03\/DSC02025-768x1369.jpg 768w, https:\/\/joseluiscaballero.es\/wp-content\/uploads\/2023\/03\/DSC02025-862x1536.jpg 862w, https:\/\/joseluiscaballero.es\/wp-content\/uploads\/2023\/03\/DSC02025-1149x2048.jpg 1149w, https:\/\/joseluiscaballero.es\/wp-content\/uploads\/2023\/03\/DSC02025-560x999.jpg 560w, https:\/\/joseluiscaballero.es\/wp-content\/uploads\/2023\/03\/DSC02025-scaled.jpg 1436w\" sizes=\"(max-width: 574px) 100vw, 574px\" \/>\t\t\t\t\t\t\t\t\t\t\t\t\t\t\t<\/div>\n\t\t\t\t<\/div>\n\t\t\t\t\t<\/div>\n\t\t<\/div>\n\t\t\t\t\t<\/div>\n\t\t<\/section>\n\t\t\t\t<\/div>\n\t\t","protected":false},"excerpt":{"rendered":"<p>Espionaje y g\u00e9nero negro Mi primera novela \u00abComo l\u00e1grimas en la lluvia\u00bb era un relato de g\u00e9nero negro, sin duda, pero cuando un escritor se enfrenta a una p\u00e1gina en [&hellip;]<\/p>\n","protected":false},"author":1,"featured_media":0,"parent":0,"menu_order":0,"comment_status":"closed","ping_status":"closed","template":"","meta":{"footnotes":""},"class_list":["post-2714","page","type-page","status-publish","hentry"],"_links":{"self":[{"href":"https:\/\/joseluiscaballero.es\/index.php?rest_route=\/wp\/v2\/pages\/2714","targetHints":{"allow":["GET"]}}],"collection":[{"href":"https:\/\/joseluiscaballero.es\/index.php?rest_route=\/wp\/v2\/pages"}],"about":[{"href":"https:\/\/joseluiscaballero.es\/index.php?rest_route=\/wp\/v2\/types\/page"}],"author":[{"embeddable":true,"href":"https:\/\/joseluiscaballero.es\/index.php?rest_route=\/wp\/v2\/users\/1"}],"replies":[{"embeddable":true,"href":"https:\/\/joseluiscaballero.es\/index.php?rest_route=%2Fwp%2Fv2%2Fcomments&post=2714"}],"version-history":[{"count":248,"href":"https:\/\/joseluiscaballero.es\/index.php?rest_route=\/wp\/v2\/pages\/2714\/revisions"}],"predecessor-version":[{"id":6115,"href":"https:\/\/joseluiscaballero.es\/index.php?rest_route=\/wp\/v2\/pages\/2714\/revisions\/6115"}],"wp:attachment":[{"href":"https:\/\/joseluiscaballero.es\/index.php?rest_route=%2Fwp%2Fv2%2Fmedia&parent=2714"}],"curies":[{"name":"wp","href":"https:\/\/api.w.org\/{rel}","templated":true}]}}