{"id":4632,"date":"2025-03-07T20:37:43","date_gmt":"2025-03-07T20:37:43","guid":{"rendered":"https:\/\/joseluiscaballero.es\/?page_id=4632"},"modified":"2025-04-01T06:07:05","modified_gmt":"2025-04-01T06:07:05","slug":"ajuste-de-cuentas","status":"publish","type":"page","link":"https:\/\/joseluiscaballero.es\/?page_id=4632","title":{"rendered":"Ajuste de cuentas"},"content":{"rendered":"\t\t<div data-elementor-type=\"wp-page\" data-elementor-id=\"4632\" class=\"elementor elementor-4632\" data-elementor-post-type=\"page\">\n\t\t\t\t\t\t<section class=\"elementor-section elementor-top-section elementor-element elementor-element-2af99df elementor-section-boxed elementor-section-height-default elementor-section-height-default\" data-id=\"2af99df\" data-element_type=\"section\" data-e-type=\"section\">\n\t\t\t\t\t\t<div class=\"elementor-container elementor-column-gap-default\">\n\t\t\t\t\t<div class=\"elementor-column elementor-col-33 elementor-top-column elementor-element elementor-element-88e8bba\" data-id=\"88e8bba\" data-element_type=\"column\" data-e-type=\"column\">\n\t\t\t<div class=\"elementor-widget-wrap elementor-element-populated\">\n\t\t\t\t\t\t<div class=\"elementor-element elementor-element-9ea5f06 elementor-widget elementor-widget-image\" data-id=\"9ea5f06\" data-element_type=\"widget\" data-e-type=\"widget\" data-widget_type=\"image.default\">\n\t\t\t\t<div class=\"elementor-widget-container\">\n\t\t\t\t\t\t\t\t\t\t\t\t\t\t\t<img fetchpriority=\"high\" decoding=\"async\" width=\"330\" height=\"498\" src=\"https:\/\/joseluiscaballero.es\/wp-content\/uploads\/2025\/01\/978607863802.jpg\" class=\"attachment-large size-large wp-image-4161\" alt=\"\" srcset=\"https:\/\/joseluiscaballero.es\/wp-content\/uploads\/2025\/01\/978607863802.jpg 330w, https:\/\/joseluiscaballero.es\/wp-content\/uploads\/2025\/01\/978607863802-199x300.jpg 199w\" sizes=\"(max-width: 330px) 100vw, 330px\" \/>\t\t\t\t\t\t\t\t\t\t\t\t\t\t\t<\/div>\n\t\t\t\t<\/div>\n\t\t\t\t\t<\/div>\n\t\t<\/div>\n\t\t\t\t<div class=\"elementor-column elementor-col-66 elementor-top-column elementor-element elementor-element-c0127cf\" data-id=\"c0127cf\" data-element_type=\"column\" data-e-type=\"column\">\n\t\t\t<div class=\"elementor-widget-wrap elementor-element-populated\">\n\t\t\t\t\t\t<div class=\"elementor-element elementor-element-5b6f6ef elementor-widget elementor-widget-text-editor\" data-id=\"5b6f6ef\" data-element_type=\"widget\" data-e-type=\"widget\" data-widget_type=\"text-editor.default\">\n\t\t\t\t<div class=\"elementor-widget-container\">\n\t\t\t\t\t\t\t\t\t<p>Un joven, nacido en un pueblecito de Cuenca se ve abocado un buen d\u00eda a asesinar a un viejo rencoroso y borracho que hizo matar a su abuelo al terminar la guerra. Bueno, no exactamente abocado, sino predestinado m\u00e1s bien. A partir de ese d\u00eda, el muchacho sin nombre descubre que tiene una habilidad especial para arreglar cierto tipo de problemas que solo tienen una soluci\u00f3n, la soluci\u00f3n final. As\u00ed que a pesar de los esfuerzos de sus padres por hacer de \u00e9l un chico con un porvenir en la medicina, \u00e9l se convierte m\u00e1s bien en un profesional de todo lo contrario. Despu\u00e9s de un par de errores de juventud va a parar a la c\u00e1rcel donde un hombre muy especial, el se\u00f1or Dur\u00e1n, repara en \u00e9l y le somete a alguna que otra prueba para saber su grado de confianza. El joven sin nombre consigue salir adelante y de la noche a la ma\u00f1ana, ya en la calle, se encuentra en n\u00f3mina de una gran empresa, o m\u00e1s bien dicho, trabajador aut\u00f3nomo con un solo cliente. Matar se convierte para \u00e9l en un arte que no tiene nada de emocionante, solo es trabajo hasta que comete un error, o digamos que sufre el error de otro cuando asesina a Ren\u00e9 el Franc\u00e9s.<\/p><p>\u00a0<\/p>\t\t\t\t\t\t\t\t<\/div>\n\t\t\t\t<\/div>\n\t\t\t\t\t<\/div>\n\t\t<\/div>\n\t\t\t\t\t<\/div>\n\t\t<\/section>\n\t\t\t\t<section class=\"elementor-section elementor-top-section elementor-element elementor-element-569f802 elementor-section-boxed elementor-section-height-default elementor-section-height-default\" data-id=\"569f802\" data-element_type=\"section\" data-e-type=\"section\">\n\t\t\t\t\t\t<div class=\"elementor-container elementor-column-gap-default\">\n\t\t\t\t\t<div class=\"elementor-column elementor-col-100 elementor-top-column elementor-element elementor-element-5c3b9de\" data-id=\"5c3b9de\" data-element_type=\"column\" data-e-type=\"column\">\n\t\t\t<div class=\"elementor-widget-wrap elementor-element-populated\">\n\t\t\t\t\t\t<div class=\"elementor-element elementor-element-80b2a1d elementor-align-center elementor-widget elementor-widget-button\" data-id=\"80b2a1d\" data-element_type=\"widget\" data-e-type=\"widget\" data-widget_type=\"button.default\">\n\t\t\t\t<div class=\"elementor-widget-container\">\n\t\t\t\t\t\t\t\t\t<div class=\"elementor-button-wrapper\">\n\t\t\t\t\t<a class=\"elementor-button elementor-button-link elementor-size-sm\" href=\"https:\/\/sofiastamatio.wixsite.com\/universodelibros\/libros\/ajuste-de-cuentas\">\n\t\t\t\t\t\t<span class=\"elementor-button-content-wrapper\">\n\t\t\t\t\t\t\t\t\t<span class=\"elementor-button-text\">\u00bfLo quieres?<\/span>\n\t\t\t\t\t<\/span>\n\t\t\t\t\t<\/a>\n\t\t\t\t<\/div>\n\t\t\t\t\t\t\t\t<\/div>\n\t\t\t\t<\/div>\n\t\t\t\t\t<\/div>\n\t\t<\/div>\n\t\t\t\t\t<\/div>\n\t\t<\/section>\n\t\t\t\t<\/div>\n\t\t","protected":false},"excerpt":{"rendered":"<p>Un joven, nacido en un pueblecito de Cuenca se ve abocado un buen d\u00eda a asesinar a un viejo rencoroso y borracho que hizo matar a su abuelo al terminar [&hellip;]<\/p>\n","protected":false},"author":1,"featured_media":0,"parent":0,"menu_order":0,"comment_status":"closed","ping_status":"closed","template":"","meta":{"footnotes":""},"class_list":["post-4632","page","type-page","status-publish","hentry"],"_links":{"self":[{"href":"https:\/\/joseluiscaballero.es\/index.php?rest_route=\/wp\/v2\/pages\/4632","targetHints":{"allow":["GET"]}}],"collection":[{"href":"https:\/\/joseluiscaballero.es\/index.php?rest_route=\/wp\/v2\/pages"}],"about":[{"href":"https:\/\/joseluiscaballero.es\/index.php?rest_route=\/wp\/v2\/types\/page"}],"author":[{"embeddable":true,"href":"https:\/\/joseluiscaballero.es\/index.php?rest_route=\/wp\/v2\/users\/1"}],"replies":[{"embeddable":true,"href":"https:\/\/joseluiscaballero.es\/index.php?rest_route=%2Fwp%2Fv2%2Fcomments&post=4632"}],"version-history":[{"count":10,"href":"https:\/\/joseluiscaballero.es\/index.php?rest_route=\/wp\/v2\/pages\/4632\/revisions"}],"predecessor-version":[{"id":4660,"href":"https:\/\/joseluiscaballero.es\/index.php?rest_route=\/wp\/v2\/pages\/4632\/revisions\/4660"}],"wp:attachment":[{"href":"https:\/\/joseluiscaballero.es\/index.php?rest_route=%2Fwp%2Fv2%2Fmedia&parent=4632"}],"curies":[{"name":"wp","href":"https:\/\/api.w.org\/{rel}","templated":true}]}}